{"id":101,"date":"2021-10-03T12:18:53","date_gmt":"2021-10-03T12:18:53","guid":{"rendered":"https:\/\/cranio-hagen.at\/?page_id=101"},"modified":"2021-11-02T19:25:55","modified_gmt":"2021-11-02T19:25:55","slug":"ursprung-und-begruender-der-craniosacrale-methode","status":"publish","type":"page","link":"https:\/\/cranio-hagen.at\/?page_id=101","title":{"rendered":"Ursprung und Begr\u00fcnder der Craniosacrale Methode"},"content":{"rendered":"<p><img decoding=\"async\" loading=\"lazy\" class=\"alignleft size-medium wp-image-271\" src=\"https:\/\/cranio-hagen.at\/wp-content\/uploads\/2021\/11\/Sonnenuntergang-300x300.png\" alt=\"\" width=\"250\" height=\"250\" srcset=\"https:\/\/cranio-hagen.at\/wp-content\/uploads\/2021\/11\/Sonnenuntergang-300x300.png 300w, https:\/\/cranio-hagen.at\/wp-content\/uploads\/2021\/11\/Sonnenuntergang-1024x1024.png 1024w, https:\/\/cranio-hagen.at\/wp-content\/uploads\/2021\/11\/Sonnenuntergang-150x150.png 150w, https:\/\/cranio-hagen.at\/wp-content\/uploads\/2021\/11\/Sonnenuntergang-768x768.png 768w, https:\/\/cranio-hagen.at\/wp-content\/uploads\/2021\/11\/Sonnenuntergang-1536x1536.png 1536w, https:\/\/cranio-hagen.at\/wp-content\/uploads\/2021\/11\/Sonnenuntergang-100x100.png 100w, https:\/\/cranio-hagen.at\/wp-content\/uploads\/2021\/11\/Sonnenuntergang.png 1600w\" sizes=\"(max-width: 250px) 100vw, 250px\" \/><br \/>\nDie Craniosacrale Arbeit ist eine k\u00f6rperorientierte Methode, die sich aus der Osteopathie entwickelt hat. Begr\u00fcnder der Osteopathie war der Amerikaner Andrew Taylor Still (1827-1917). Ein Sch\u00fcler von ihm namens William Sutherland (1873-1954) entwickelte diese zur Cranialen Osteopathie weiter. Er beschreibt, dass die Cranio (Sch\u00e4del) \u2013 Sacrum (Kreuzbein) Bewegungen durch den Prim\u00e4r Respiratorischen Rhythmus bewirkt werden (die urspr\u00fcngliche Bewegung entsteht im Sch\u00e4del) und die Kraft selbst vom Atem des Lebens ausgeht. Dieser Rhythmus ist prim\u00e4r, d.h. dem Atem bzw. Herzschlag \u00fcbergeordnet. Erst mit Dr. John E. Upledger (1932-2012) entwickelte sich die Craniosacrale K\u00f6rperarbeit zu einer eigenst\u00e4ndigen Methode weiter, wobei er bedeutende Forschungsarbeit leistete und die Bewegungen an den Sch\u00e4deln\u00e4hten erstmals bewiesen werden konnten. Auch bezog Dr. Upledger die prozessbegleitende Arbeit mit ein, sodass eine ganzheitliche Behandlungsform entstand.<br \/>\nZusammengefasst kann man sagen, dass die Arbeit mit dem Craniosacrale System seinen Ausdruck im Craniosacralen Rhythmus findet und sich in feinen Bewegungen der Hirn- und R\u00fcckenmarksfl\u00fcssigkeit zeigt. Diese Fl\u00fcssigkeit n\u00e4hrt, bewegt und sch\u00fctzt unser Nervensystem vom Cranium (Sch\u00e4del) bis zum Sacrum (Kreuzbein). Da der Craniosacrale Rhythmus sich \u00fcber unser Bindegewebe im ganzen K\u00f6rper ausbreitet, ist dieser \u00fcberall tastbar. Die Liquor Fl\u00fcssigkeit (Wasser) ist ein universeller Informationstr\u00e4ger.<\/p>\n<p><strong>Craniosacrale Biodynamik<\/strong><br \/>\nDie Craniosacrale K\u00f6rperarbeit ist ganzheitlich und erfolgt mit gro\u00dfer Sorgfalt \u2013 auf k\u00f6rperlicher, emotionaler und psychischer Ebene. Es verhilft zu seelischen Wohlbefinden und geht als Teil in die k\u00f6rperorientierte und biodynamische Arbeit ein. Sie orientiert sich an der uns innewohnenden Gesundheit und an die in jedem Menschen vorhandenen Selbstheilungskr\u00e4fte, die sich entfalten k\u00f6nnen.<br \/>\nIn einer Craniosacrale Biodynamischen Sitzung folge ich den Bewegungen dieser Selbstheilungskr\u00e4fte mit absichtslosem Pr\u00e4senz. Als Praktikerin sp\u00fcre ich in den K\u00f6rper meines Klienten hinein, ohne zu manipulieren. Das &#8222;Lauschen&#8220; an den Schl\u00fcsselpunkten erfordert meine ganze Aufmerksamkeit und Konzentration. Es ist weder ein vorgegebener Ablauf einzuhalten noch ein bestimmter Plan zu erf\u00fcllen.<br \/>\nZiel der Methode ist es, das Gewebe weich und flexibel zu machen, damit Organe, Muskeln und Nerven optimal arbeiten k\u00f6nnen, und damit unser K\u00f6rper und Psyche mit den t\u00e4glichen Belastungen leichter fertig werden. Ein gro\u00dfer Teil der Methode ist die Anerkennung dessen was gerade &#8222;ist&#8220;, weil dadurch viele Widerst\u00e4nde ihre Grundlage verlieren.<br \/>\nEs zeigt sich, dass die Selbstheilungskr\u00e4fte durch diese &#8222;W\u00fcrdigung&#8220; an Dynamik gewinnt und dadurch, dass Energie der Aufmerksamkeit folgt, die beobachteten Prozesse Priorit\u00e4t erfahren. So k\u00f6nnen sich nach und nach alte Blockaden aufl\u00f6sen und die dort gebundene, gewesene Energie wieder dem ganzen K\u00f6rper zur Verf\u00fcgung stehen.<br \/>\nDiese frei gewordenen Selbstheilungskr\u00e4fte k\u00f6nnen ihre Aufgaben nun anderswo im K\u00f6rper wahrnehmen und so kann eine Art Schneeballeffekt von immer mehr zur Verf\u00fcgung stehender Potenz entstehen.<br \/>\nManche Klienten erleben in einer Sitzung einfach tiefe Entspannung, die in dieser Art und Qualit\u00e4t nur ganz selten zu erleben ist. Wo werde ich schon einmal in Ruhe (und Stille) gelassen, obwohl jemand pr\u00e4sent und f\u00fcr mich da ist?<br \/>\nIn Ruhe und Stille gelassen sein bedeutet auch, dass wirklich gar nichts zu tun ist. Keine bestimmte Art zu atmen, keine Vorgabe etwas Bestimmtes zu denken, oder nichts zu denken, selbst einschlafen ist erlaubt.<br \/>\nManchmal ist es hilfreich sich vorzunehmen eine ganze Sitzung lang, einfach nichts zu sp\u00fcren.<br \/>\nFalls es Ihnen gelingt, waren Sie wahrscheinlich noch nie so entspannt wie in diesem Moment.<\/p>\n","protected":false},"excerpt":{"rendered":"<p>Die Craniosacrale Arbeit ist eine k\u00f6rperorientierte Methode, die sich aus der Osteopathie entwickelt hat. Begr\u00fcnder der Osteopathie war der Amerikaner Andrew Taylor Still (1827-1917). Ein Sch\u00fcler von ihm namens William Sutherland (1873-1954) entwickelte diese zur Cranialen Osteopathie weiter. Er beschreibt, dass die Cranio (Sch\u00e4del) \u2013 Sacrum (Kreuzbein) Bewegungen durch den Prim\u00e4r Respiratorischen Rhythmus bewirkt werden &hellip; <\/p>\n<p class=\"link-more\"><a href=\"https:\/\/cranio-hagen.at\/?page_id=101\" class=\"more-link\"><span class=\"screen-reader-text\">\u201eUrsprung und Begr\u00fcnder der Craniosacrale Methode\u201c<\/span> weiterlesen<\/a><\/p>\n","protected":false},"author":1,"featured_media":0,"parent":0,"menu_order":0,"comment_status":"closed","ping_status":"closed","template":"","meta":{"spay_email":""},"_links":{"self":[{"href":"https:\/\/cranio-hagen.at\/index.php?rest_route=\/wp\/v2\/pages\/101"}],"collection":[{"href":"https:\/\/cranio-hagen.at\/index.php?rest_route=\/wp\/v2\/pages"}],"about":[{"href":"https:\/\/cranio-hagen.at\/index.php?rest_route=\/wp\/v2\/types\/page"}],"author":[{"embeddable":true,"href":"https:\/\/cranio-hagen.at\/index.php?rest_route=\/wp\/v2\/users\/1"}],"replies":[{"embeddable":true,"href":"https:\/\/cranio-hagen.at\/index.php?rest_route=%2Fwp%2Fv2%2Fcomments&post=101"}],"version-history":[{"count":6,"href":"https:\/\/cranio-hagen.at\/index.php?rest_route=\/wp\/v2\/pages\/101\/revisions"}],"predecessor-version":[{"id":273,"href":"https:\/\/cranio-hagen.at\/index.php?rest_route=\/wp\/v2\/pages\/101\/revisions\/273"}],"wp:attachment":[{"href":"https:\/\/cranio-hagen.at\/index.php?rest_route=%2Fwp%2Fv2%2Fmedia&parent=101"}],"curies":[{"name":"wp","href":"https:\/\/api.w.org\/{rel}","templated":true}]}}