{"id":121,"date":"2021-10-03T12:43:15","date_gmt":"2021-10-03T12:43:15","guid":{"rendered":"https:\/\/cranio-hagen.at\/?page_id=121"},"modified":"2021-10-31T18:59:41","modified_gmt":"2021-10-31T18:59:41","slug":"wie-arbeite-ich","status":"publish","type":"page","link":"https:\/\/cranio-hagen.at\/?page_id=121","title":{"rendered":"Wie arbeite ich"},"content":{"rendered":"<p>In der Craniosacrale Biodynamik habe ich einen Zugang zu Menschen gefunden, jenseits von Worten, Logik und Argumenten, der das Wunderbare in jeder und jedem Einzelnen w\u00fcrdigt und die Eigenverantwortlichkeit bel\u00e4sst.<\/p>\n<p>\u201eEs ist nicht die Ber\u00fchrung, die verbindet, es ist die Verbindung, die ber\u00fchrt.\u201c<\/p>\n<p>Ich arbeite ressourcenorientiert und unterst\u00fctze den nat\u00fcrlichen Heilungsprozess des Klienten hin zu einer nachhaltigen positiven Ver\u00e4nderung. Die Grundlagen meiner Arbeit sind das Vertrauen in die Weisheit des K\u00f6rpers und die Orientierung an der Gesundheit im Menschen.<\/p>\n<p><strong><u>\u00a0<\/u><\/strong><\/p>\n<p style=\"text-align: left;\"><strong>Mein pers\u00f6nliches Leitbild<\/strong><\/p>\n<ul>\n<li style=\"text-align: left;\">ganzheitliche Ausrichtung in der Arbeit<\/li>\n<li style=\"text-align: left;\">Eigenverantwortung praktizieren und vermitteln<\/li>\n<li style=\"text-align: left;\">Respekt und Achtsamkeit gegen\u00fcber dem Klienten<\/li>\n<li style=\"text-align: left;\">Bewusste Orientierung am Gesunden<\/li>\n<li style=\"text-align: left;\">St\u00e4rkung und Aufbau von Ressourcen<\/li>\n<li style=\"text-align: left;\">Kontinuierliche Weiterbildung und Supervision<\/li>\n<\/ul>\n<p><img decoding=\"async\" loading=\"lazy\" class=\"alignleft size-medium wp-image-176\" src=\"https:\/\/cranio-hagen.at\/wp-content\/uploads\/2021\/10\/Anna-Frontal-Ethmoid-Griff-300x200.jpg\" alt=\"\" width=\"260\" height=\"100%\" srcset=\"https:\/\/cranio-hagen.at\/wp-content\/uploads\/2021\/10\/Anna-Frontal-Ethmoid-Griff-300x200.jpg 300w, https:\/\/cranio-hagen.at\/wp-content\/uploads\/2021\/10\/Anna-Frontal-Ethmoid-Griff-1024x683.jpg 1024w, https:\/\/cranio-hagen.at\/wp-content\/uploads\/2021\/10\/Anna-Frontal-Ethmoid-Griff-768x512.jpg 768w, https:\/\/cranio-hagen.at\/wp-content\/uploads\/2021\/10\/Anna-Frontal-Ethmoid-Griff-1536x1024.jpg 1536w, https:\/\/cranio-hagen.at\/wp-content\/uploads\/2021\/10\/Anna-Frontal-Ethmoid-Griff-2048x1366.jpg 2048w\" sizes=\"(max-width: 300px) 100vw, 300px\" \/><br \/>\n<img decoding=\"async\" loading=\"lazy\" class=\"aligncenter size-medium wp-image-178\" src=\"https:\/\/cranio-hagen.at\/wp-content\/uploads\/2021\/10\/Anna-mit-Schalengriff-bearbeitet-300x200.jpg\" alt=\"\" width=\"260\" height=\"100%\" srcset=\"https:\/\/cranio-hagen.at\/wp-content\/uploads\/2021\/10\/Anna-mit-Schalengriff-bearbeitet-300x200.jpg 300w, https:\/\/cranio-hagen.at\/wp-content\/uploads\/2021\/10\/Anna-mit-Schalengriff-bearbeitet-1024x683.jpg 1024w, https:\/\/cranio-hagen.at\/wp-content\/uploads\/2021\/10\/Anna-mit-Schalengriff-bearbeitet-768x512.jpg 768w, https:\/\/cranio-hagen.at\/wp-content\/uploads\/2021\/10\/Anna-mit-Schalengriff-bearbeitet-1536x1024.jpg 1536w, https:\/\/cranio-hagen.at\/wp-content\/uploads\/2021\/10\/Anna-mit-Schalengriff-bearbeitet-2048x1366.jpg 2048w\" sizes=\"(max-width: 300px) 100vw, 300px\" \/><img decoding=\"async\" loading=\"lazy\" class=\"alignright size-medium wp-image-179\" src=\"https:\/\/cranio-hagen.at\/wp-content\/uploads\/2021\/10\/Anna-Schultergriff-bearbeitet-300x200.jpg\" alt=\"\" width=\"260\" height=\"100%\" srcset=\"https:\/\/cranio-hagen.at\/wp-content\/uploads\/2021\/10\/Anna-Schultergriff-bearbeitet-300x200.jpg 300w, https:\/\/cranio-hagen.at\/wp-content\/uploads\/2021\/10\/Anna-Schultergriff-bearbeitet-1024x682.jpg 1024w, https:\/\/cranio-hagen.at\/wp-content\/uploads\/2021\/10\/Anna-Schultergriff-bearbeitet-768x512.jpg 768w, https:\/\/cranio-hagen.at\/wp-content\/uploads\/2021\/10\/Anna-Schultergriff-bearbeitet-1536x1024.jpg 1536w, https:\/\/cranio-hagen.at\/wp-content\/uploads\/2021\/10\/Anna-Schultergriff-bearbeitet-2048x1365.jpg 2048w\" sizes=\"(max-width: 300px) 100vw, 300px\" \/><\/p>\n<p>&nbsp;<\/p>\n<p>&nbsp;<\/p>\n<p>&nbsp;<\/p>\n<p>&nbsp;<\/p>\n<p style=\"text-align: left;\"><strong>Drei Ebene Modell<\/strong><\/p>\n<p><img decoding=\"async\" loading=\"lazy\" class=\"aligncenter wp-image-218 size-large\" src=\"https:\/\/cranio-hagen.at\/wp-content\/uploads\/2021\/10\/Drei-Ebene-Modell-564x1024.jpg\" alt=\"\" width=\"525\" height=\"953\" srcset=\"https:\/\/cranio-hagen.at\/wp-content\/uploads\/2021\/10\/Drei-Ebene-Modell-564x1024.jpg 564w, https:\/\/cranio-hagen.at\/wp-content\/uploads\/2021\/10\/Drei-Ebene-Modell-165x300.jpg 165w, https:\/\/cranio-hagen.at\/wp-content\/uploads\/2021\/10\/Drei-Ebene-Modell-768x1394.jpg 768w, https:\/\/cranio-hagen.at\/wp-content\/uploads\/2021\/10\/Drei-Ebene-Modell-846x1536.jpg 846w, https:\/\/cranio-hagen.at\/wp-content\/uploads\/2021\/10\/Drei-Ebene-Modell.jpg 1128w\" sizes=\"(max-width: 525px) 100vw, 525px\" \/><\/p>\n","protected":false},"excerpt":{"rendered":"<p>In der Craniosacrale Biodynamik habe ich einen Zugang zu Menschen gefunden, jenseits von Worten, Logik und Argumenten, der das Wunderbare in jeder und jedem Einzelnen w\u00fcrdigt und die Eigenverantwortlichkeit bel\u00e4sst. \u201eEs ist nicht die Ber\u00fchrung, die verbindet, es ist die Verbindung, die ber\u00fchrt.\u201c Ich arbeite ressourcenorientiert und unterst\u00fctze den nat\u00fcrlichen Heilungsprozess des Klienten hin zu &hellip; <\/p>\n<p class=\"link-more\"><a href=\"https:\/\/cranio-hagen.at\/?page_id=121\" class=\"more-link\"><span class=\"screen-reader-text\">\u201eWie arbeite ich\u201c<\/span> weiterlesen<\/a><\/p>\n","protected":false},"author":1,"featured_media":0,"parent":0,"menu_order":0,"comment_status":"closed","ping_status":"closed","template":"","meta":{"spay_email":""},"_links":{"self":[{"href":"https:\/\/cranio-hagen.at\/index.php?rest_route=\/wp\/v2\/pages\/121"}],"collection":[{"href":"https:\/\/cranio-hagen.at\/index.php?rest_route=\/wp\/v2\/pages"}],"about":[{"href":"https:\/\/cranio-hagen.at\/index.php?rest_route=\/wp\/v2\/types\/page"}],"author":[{"embeddable":true,"href":"https:\/\/cranio-hagen.at\/index.php?rest_route=\/wp\/v2\/users\/1"}],"replies":[{"embeddable":true,"href":"https:\/\/cranio-hagen.at\/index.php?rest_route=%2Fwp%2Fv2%2Fcomments&post=121"}],"version-history":[{"count":31,"href":"https:\/\/cranio-hagen.at\/index.php?rest_route=\/wp\/v2\/pages\/121\/revisions"}],"predecessor-version":[{"id":226,"href":"https:\/\/cranio-hagen.at\/index.php?rest_route=\/wp\/v2\/pages\/121\/revisions\/226"}],"wp:attachment":[{"href":"https:\/\/cranio-hagen.at\/index.php?rest_route=%2Fwp%2Fv2%2Fmedia&parent=121"}],"curies":[{"name":"wp","href":"https:\/\/api.w.org\/{rel}","templated":true}]}}