{"id":139,"date":"2021-10-03T13:08:38","date_gmt":"2021-10-03T13:08:38","guid":{"rendered":"https:\/\/cranio-hagen.at\/?page_id=139"},"modified":"2021-11-04T17:36:40","modified_gmt":"2021-11-04T17:36:40","slug":"blockladen-loesen","status":"publish","type":"page","link":"https:\/\/cranio-hagen.at\/?page_id=139","title":{"rendered":"Blockladen l\u00f6sen"},"content":{"rendered":"<p style=\"text-align: center;\"><b>Alles was ist, darf sein und alles was sein darf, ver\u00e4ndert sich.<br \/>\n<\/b><em>F.M.\u00a0Steammler<\/em><\/p>\n<p style=\"text-align: center;\">Sind im K\u00f6rper Blockaden vorhanden, so spiegeln sich diese im Craniosacralen System wider. Gr\u00fcnde f\u00fcr Blockaden sind vielf\u00e4ltig und k\u00f6nnen von Verletzungen, St\u00fcrzen oder Fehlstellungen herr\u00fchren, durch Operationen und Narben entstehen oder seelische Belastungen zeigen.<\/p>\n<p style=\"text-align: center;\">Symptome k\u00f6nnen sichtbar werden, die oft nicht mehr mit dem urspr\u00fcnglichen Ereignis in Verbindung gebracht werden. Diese Symptome k\u00f6nnen sowohl physischer (z.B. R\u00fcckenschmerzen, Migr\u00e4ne, Verdauungsprobleme) als auch emotionaler Natur (z.B. Angst, Unruhe, Depression) sein.<\/p>\n<p style=\"text-align: center;\">Das Craniosacrale System reflektiert diese Dynamiken im K\u00f6rper und die Craniosacrale Biodynamik kann Impulse setzen, welche die eigenen Ressourcen mobilisieren und somit den K\u00f6rper unterst\u00fctzen seine Blockaden zu l\u00f6sen.<\/p>\n<p style=\"text-align: center;\">Ein traumatisches Erlebnis wird auch im Nervensystem gespeichert. Da die Craniosacrale Methode einen tiefen Zugang zum zentralen Nervensystem herstellt und Entspannung f\u00f6rdert, k\u00f6nnen solche Themen in einem sicheren Rahmen an die Oberfl\u00e4che treten.<\/p>\n<p style=\"text-align: center;\">Zuvor unterdr\u00fcckte Gef\u00fchle k\u00f6nnen zugelassen werden, Bilder oder Gedanken k\u00f6nnen sich integrieren. Dabei ist es nicht n\u00f6tig, Erinnerungen an das Geschehen hervorzuholen. Aus dem Gef\u00fchl von L\u00e4hmung und Erstarrung entsteht ein Gef\u00fchl von Lebendigkeit und neuer Lebensfreude, das Gleichgewicht im Nervensystem kann sich wieder einstellen.<\/p>\n<p style=\"text-align: center;\"><strong>Trauma<\/strong><\/p>\n<p style=\"text-align: center;\">Eine Traumatisierung entsteht, wenn ein Mensch eine bedrohliche Situation erlebt und sich hilflos und ausgeliefert f\u00fchlt. Die nat\u00fcrlichen und instinktiven Reaktionen des K\u00f6rpers, sind Flucht, Kampf oder erstarren (sich Tod stellen). Wenn diese Reaktionen nicht vollst\u00e4ndig durchlaufen werden, kommt es in Folge zu einem Trauma.<\/p>\n<p style=\"text-align: center;\">Craniosacrale Biodynamik unterst\u00fctzt ein sicheres, behutsames \u201eEntladen\u201c der gestauten Energie. Die nat\u00fcrlichen Regenerationskr\u00e4fte des K\u00f6rpers werden aktiviert und der Heilungsprozess gef\u00f6rdert.<\/p>\n","protected":false},"excerpt":{"rendered":"<p>Alles was ist, darf sein und alles was sein darf, ver\u00e4ndert sich. F.M.\u00a0Steammler Sind im K\u00f6rper Blockaden vorhanden, so spiegeln sich diese im Craniosacralen System wider. Gr\u00fcnde f\u00fcr Blockaden sind vielf\u00e4ltig und k\u00f6nnen von Verletzungen, St\u00fcrzen oder Fehlstellungen herr\u00fchren, durch Operationen und Narben entstehen oder seelische Belastungen zeigen. Symptome k\u00f6nnen sichtbar werden, die oft nicht &hellip; <\/p>\n<p class=\"link-more\"><a href=\"https:\/\/cranio-hagen.at\/?page_id=139\" class=\"more-link\"><span class=\"screen-reader-text\">\u201eBlockladen l\u00f6sen\u201c<\/span> weiterlesen<\/a><\/p>\n","protected":false},"author":1,"featured_media":0,"parent":0,"menu_order":0,"comment_status":"closed","ping_status":"closed","template":"","meta":{"spay_email":""},"_links":{"self":[{"href":"https:\/\/cranio-hagen.at\/index.php?rest_route=\/wp\/v2\/pages\/139"}],"collection":[{"href":"https:\/\/cranio-hagen.at\/index.php?rest_route=\/wp\/v2\/pages"}],"about":[{"href":"https:\/\/cranio-hagen.at\/index.php?rest_route=\/wp\/v2\/types\/page"}],"author":[{"embeddable":true,"href":"https:\/\/cranio-hagen.at\/index.php?rest_route=\/wp\/v2\/users\/1"}],"replies":[{"embeddable":true,"href":"https:\/\/cranio-hagen.at\/index.php?rest_route=%2Fwp%2Fv2%2Fcomments&post=139"}],"version-history":[{"count":4,"href":"https:\/\/cranio-hagen.at\/index.php?rest_route=\/wp\/v2\/pages\/139\/revisions"}],"predecessor-version":[{"id":302,"href":"https:\/\/cranio-hagen.at\/index.php?rest_route=\/wp\/v2\/pages\/139\/revisions\/302"}],"wp:attachment":[{"href":"https:\/\/cranio-hagen.at\/index.php?rest_route=%2Fwp%2Fv2%2Fmedia&parent=139"}],"curies":[{"name":"wp","href":"https:\/\/api.w.org\/{rel}","templated":true}]}}