{"id":202,"date":"2021-10-31T19:52:50","date_gmt":"2021-10-31T19:52:50","guid":{"rendered":"https:\/\/cranio-hagen.at\/?page_id=202"},"modified":"2021-11-03T19:35:54","modified_gmt":"2021-11-03T19:35:54","slug":"impressum","status":"publish","type":"page","link":"https:\/\/cranio-hagen.at\/?page_id=202","title":{"rendered":"Impressum"},"content":{"rendered":"<h1>Firmendaten<\/h1>\n<p><strong>Firmenname<\/strong><br \/>\nAngelika Hagen<\/p>\n<p><strong>Standortbezeichnung<\/strong><br \/>\nCraniosacrale K\u00f6rperarbeit<\/p>\n<p><strong>Adresse<\/strong><br \/>\nFeldweg 25,<br \/>\n6900 Bregenz,<br \/>\n\u00d6sterreich<\/p>\n<p><strong>Gr\u00fcndungsjahr<\/strong><br \/>\n2021<\/p>\n<p><strong>Rechtsform<\/strong><br \/>\nEinzelunternehmen<\/p>\n<p><strong>GLN (der \u00f6ffentlichen Verwaltung)<\/strong><br \/>\n9110030388274<\/p>\n<p><strong>Weitere Aufsichtsbeh\u00f6rde (gem. ECG)<\/strong><br \/>\nBezirkshauptmannschaft Bregenz<\/p>\n<h1>Offenlegung nach Mediengesetz<\/h1>\n<p><strong>Medieninhaber<\/strong><br \/>\nAngelika Hagen<\/p>\n<p><strong>Firmensitz (Ort der Hauptniederlassung)<\/strong><br \/>\nBregenz<\/p>\n<p><strong>Unternehmensgegenstand<\/strong><br \/>\n\u00c4u\u00dferst sanft und erstaunlich wirkungsvoll \u2013 so k\u00f6nnte man in wenigen Worten die Craniosacrale Biodynamik beschreiben. Es ist eine sanfte, manuelle und tiefgreifende Form der K\u00f6rperarbeit, die ihre Wurzeln in der Osteopathie findet und sich zu einer eigenst\u00e4ndigen Methode entwickelt hat.Craniosacrale Biodynamik bewirkt einen tiefen Spannungsausgleich auf K\u00f6rper, Geist und Seele. Der K\u00f6rper kann tiefsitzende Verspannungsmuster loslassen und findet wieder in sein nat\u00fcrliches Gleichgewicht zur\u00fcck. Wenn der K\u00f6rper wieder Zugang zu seinen inneren Ressourcen hat, k\u00f6nnen k\u00f6rperliche und emotionale Beschwerden sich sanft von innen herausl\u00f6sen.Eine gesch\u00fctzte, weitl\u00e4ufige Atmosph\u00e4re bietet die M\u00f6glichkeit das Nervensystem zu beruhigen, Muskeln und alles Gehaltene loszulassen. Wohlf\u00fchlen, Entspannen, Erholen und das Aktivwerden der Selbstheilungskr\u00e4fte bieten Raum f\u00fcr Resilienz, Gesundheitsvorsorge, Gesundheitsf\u00f6rderung, als auch die Nachbetreuung.Die Craniosacrale Arbeit ist eine sehr gute Erg\u00e4nzung zur Schulmedizin<\/p>\n<h1>Berechtigung aufrecht<\/h1>\n<div class=\"box-berechtigung\">\n<p><a id=\"ctl00_SectionPlaceHolder_agbsBoxes_ctl00_agbsFields_ctl00_fachgruppen_ctl01_BranchenPageLink\" class=\"link-list__link\" title=\"LG Direktvertrieb\" href=\"https:\/\/www.wko.at\/service\/dienststelle.html?orgid=15574&amp;_gl=1*pz9rur*_ga*MzQzMDI0OTIwLjE2MzU3MDQzMDk.*_ga_4YHGVSN5S4*MTYzNTg4MTk3OC4zLjEuMTYzNTg4MjAzMC44&amp;_ga=2.226261402.1818530982.1635881978-343024920.1635704309\">LG Direktvertrieb<\/a><\/p>\n<div class=\"row\">\n<div class=\"col-xs-12\">\n<p><strong>Handelsgewerbe mit Ausnahme der reglementierten Handelsgewerbe und Handelsagent<br \/>\n<\/strong>Seit 12.04.2021 f\u00fcr den Standort6900 Bregenz, Feldweg 25 (kann vom Gr\u00fcndungsdatum abweichen)Gewerberechtliche Gesch\u00e4ftsf\u00fchrung: -Berufszweig: Direktvertrieb<\/p>\n<\/div>\n<div class=\"col-sm-4\">\n<p><strong>GISA-Zahl<br \/>\n<\/strong>33722443<\/p>\n<\/div>\n<div class=\"col-sm-4\">\n<p><strong>Beh\u00f6rde gem. ECG (E-Commerce Gesetz)<br \/>\n<\/strong>Bezirkshauptmannschaft Bregenz<\/p>\n<p><a id=\"ctl00_SectionPlaceHolder_agbsBoxes_ctl00_agbsFields_ctl01_fachgruppen_ctl01_BranchenPageLink\" class=\"link-list__link\" title=\"FG Pers\u00f6nliche Dienstleister\" href=\"https:\/\/www.wko.at\/service\/dienststelle.html?orgid=47471\">FG Pers\u00f6nliche Dienstleister<\/a><\/p>\n<div class=\"row\">\n<div class=\"col-xs-12\">\n<p><strong>Hilfestellung zur Erreichung einer k\u00f6rperlichen bzw. energetischen Ausgewogenheit mittels der Methode von Dr. Bach, mittels Biofeedback oder Bioresonanz, mittels Auswahl von Farben, D\u00fcften, Lichtquellen, Aromastoffen, Edelsteinen, Musik, unter Anwendung kinesiologischer Methoden, mittels Interpretation der Aura, mittels Magnetfeldanwendung, durch sanfte Ber\u00fchrung des K\u00f6rpers bzw. gezieltes Auflegen der H\u00e4nde an bestimmten K\u00f6rperstellen, mittels Cranio Sacral Balancing, durch Ber\u00fccksichtigung bioenergetischer, geobiologischer, elektrobiologischer, baubiologischer und geomantischer Gesichtspunkte, durch Ber\u00fccksichtigung der Auswirkungen der energetischen Geometrie und Lichtphysik, mittels Feng Shui, Zen, Vastu bzw. anderer lebensraumrelevanter Aspekte verschiedener Epochen und Kulturen, mittels Numerologie, mittels Wassersuche sowie radi\u00e4sthetischen Untersuchungen mit Rute, Pendel etc, mittels Wahrnehmung raumenergetischer Ph\u00e4nomene mit und ohne Ger\u00e4teunterst\u00fctzung, durch Ber\u00fccksichtigung von Planetenkonstellationen und lunaren Energien<br \/>\n<\/strong>Seit 12.04.2021 f\u00fcr den Standort6900 Bregenz, Feldweg 25 (kann vom Gr\u00fcndungsdatum abweichen)Gewerberechtliche Gesch\u00e4ftsf\u00fchrung: -Berufszweig: Humanenergetiker<\/p>\n<\/div>\n<div class=\"col-sm-4\">\n<p><strong>GISA-Zahl<br \/>\n<\/strong>33722429<\/p>\n<\/div>\n<div class=\"col-sm-4\">\n<p><strong>Beh\u00f6rde gem. ECG (E-Commerce Gesetz)<br \/>\n<\/strong>Bezirkshauptmannschaft Bregenz<\/p>\n<\/div>\n<\/div>\n<\/div>\n<\/div>\n<\/div>\n<h1>Haftungsausschluss<\/h1>\n<p>1. Verweise und Links<br \/>\nBei direkten oder indirekten Verweisen auf fremde Internetseiten (Links), die au\u00dferhalb des Verantwortungsbereiches des Autors liegen, w\u00fcrde eine Haftungsverpflichtung ausschlie\u00dflich in dem Fall in Kraft treten, in dem der Autor von den Inhalten Kenntnis hat und es ihm technisch m\u00f6glich und zumutbar w\u00e4re, die Nutzung im Falle rechtswidriger Inhalte zu verhindern. Der Autor erkl\u00e4rt hiermit ausdr\u00fccklich, dass zum Zeitpunkt der Linksetzung keine illegalen Inhalte auf den zu verlinkenden Seiten erkennbar waren. Auf die aktuelle und zuk\u00fcnftige Gestaltung, die Inhalte oder die Urheberschaft der gelinkten\/verkn\u00fcpften Seiten hat der Autor keinerlei Einfluss.<br \/>\nDeshalb distanziert er sich hiermit ausdr\u00fccklich von allen Inhalten aller gelinkten\/verkn\u00fcpften Seiten, die nach der Linksetzung ver\u00e4ndert wurden. Diese Feststellung gilt f\u00fcr alle innerhalb des eigenen Internetangebotes gesetzten Links und Verweise sowie f\u00fcr Fremdeintr\u00e4ge in vom Autor eingerichteten G\u00e4steb\u00fcchern, Diskussionsforen und Mailinglisten.<br \/>\nF\u00fcr illegale, fehlerhafte oder unvollst\u00e4ndige Inhalte und insbesondere f\u00fcr Sch\u00e4den, die aus der Nutzung oder Nichtnutzung solcherart dargebotener Informationen entstehen, haftet allein der Anbieter der Seite, auf welche verwiesen wurde, nicht derjenige, der \u00fcber Links auf die jeweilige Ver\u00f6ffentlichung lediglich verweist.<\/p>\n<p>2. Urheber- und Kennzeichenrecht<br \/>\nDer Autor ist bestrebt, in allen Publikationen die Urheberrechte der verwendeten Grafiken, Tondokumente, Videosequenzen und Texte zu beachten, von ihm selbst erstellte Grafiken, Tondokumente, Videosequenzen und Texte zu nutzen oder auf lizenzfreie Grafiken, Tondokumente, Videosequenzen und Texte zur\u00fcckzugreifen. Alle innerhalb des Internetangebotes genannten und ggf. durch Dritte gesch\u00fctzten Marken- und Warenzeichen unterliegen uneingeschr\u00e4nkt den Bestimmungen des jeweils g\u00fcltigen Kennzeichenrechts und den Besitzrechten der jeweiligen eingetragenen Eigent\u00fcmer.<br \/>\nAllein aufgrund der blo\u00dfen Nennung ist nicht der Schluss zu ziehen, dass Markenzeichen nicht durch Rechte Dritter gesch\u00fctzt sind! Das Copyright f\u00fcr ver\u00f6ffentlichte, vom Autor selbst erstellte Objekte bleibt allein beim Autor der Seiten.<br \/>\nEine Vervielf\u00e4ltigung oder Verwendung solcher Grafiken, Tondokumente, Videosequenzen und Texte in anderen elektronischen oder gedruckten Publikationen ist ohne ausdr\u00fcckliche Zustimmung des Autors nicht gestattet.<\/p>\n<p>3. Datenschutz<br \/>\nSofern innerhalb des Internetangebotes die M\u00f6glichkeit zur Eingabe pers\u00f6nlicher oder gesch\u00e4ftlicher Daten (E-Mail-Adressen, Namen, Anschriften) besteht, so erfolgt die Preisgabe dieser Daten seitens des Nutzers auf ausdr\u00fccklich freiwilliger Basis. Die Inanspruchnahme und Bezahlung aller angebotenen Dienste ist \u2013 soweit technisch m\u00f6glich und zumutbar \u2013 auch ohne Angabe solcher Daten bzw. unter Angabe anonymisierter Daten oder eines Pseudonyms gestattet. Die Nutzung der im Rahmen des Impressums oder vergleichbarer Angaben ver\u00f6ffentlichten Kontaktdaten wie Postanschriften, Telefon- und Faxnummern sowie E-Mail-Adressen durch Dritte zur \u00dcbersendung von nicht ausdr\u00fccklich angeforderten Informationen ist nicht gestattet. Rechtliche Schritte gegen die Versender von so genannten Spam-Mails bei Verst\u00f6\u00dfen gegen dieses Verbot sind ausdr\u00fccklich vorbehalten.<\/p>\n<p>4. Rechtswirksamkeit dieses Haftungsausschlusses<br \/>\nDieser Haftungsausschluss ist als Teil des Internetangebotes zu betrachten, von dem aus auf diese Seite verwiesen wurde.<br \/>\nSofern Teile oder einzelne Formulierungen dieses Textes der geltenden Rechtslage nicht, nicht mehr oder nicht vollst\u00e4ndig entsprechen sollten, bleiben die \u00fcbrigen Teile des Dokumentes in ihrem Inhalt und ihrer G\u00fcltigkeit davon unber\u00fchrt.<\/p>\n","protected":false},"excerpt":{"rendered":"<p>Firmendaten Firmenname Angelika Hagen Standortbezeichnung Craniosacrale K\u00f6rperarbeit Adresse Feldweg 25, 6900 Bregenz, \u00d6sterreich Gr\u00fcndungsjahr 2021 Rechtsform Einzelunternehmen GLN (der \u00f6ffentlichen Verwaltung) 9110030388274 Weitere Aufsichtsbeh\u00f6rde (gem. ECG) Bezirkshauptmannschaft Bregenz Offenlegung nach Mediengesetz Medieninhaber Angelika Hagen Firmensitz (Ort der Hauptniederlassung) Bregenz Unternehmensgegenstand \u00c4u\u00dferst sanft und erstaunlich wirkungsvoll \u2013 so k\u00f6nnte man in wenigen Worten die Craniosacrale Biodynamik &hellip; <\/p>\n<p class=\"link-more\"><a href=\"https:\/\/cranio-hagen.at\/?page_id=202\" class=\"more-link\"><span class=\"screen-reader-text\">\u201eImpressum\u201c<\/span> weiterlesen<\/a><\/p>\n","protected":false},"author":1,"featured_media":0,"parent":0,"menu_order":0,"comment_status":"closed","ping_status":"closed","template":"","meta":{"spay_email":""},"_links":{"self":[{"href":"https:\/\/cranio-hagen.at\/index.php?rest_route=\/wp\/v2\/pages\/202"}],"collection":[{"href":"https:\/\/cranio-hagen.at\/index.php?rest_route=\/wp\/v2\/pages"}],"about":[{"href":"https:\/\/cranio-hagen.at\/index.php?rest_route=\/wp\/v2\/types\/page"}],"author":[{"embeddable":true,"href":"https:\/\/cranio-hagen.at\/index.php?rest_route=\/wp\/v2\/users\/1"}],"replies":[{"embeddable":true,"href":"https:\/\/cranio-hagen.at\/index.php?rest_route=%2Fwp%2Fv2%2Fcomments&post=202"}],"version-history":[{"count":6,"href":"https:\/\/cranio-hagen.at\/index.php?rest_route=\/wp\/v2\/pages\/202\/revisions"}],"predecessor-version":[{"id":296,"href":"https:\/\/cranio-hagen.at\/index.php?rest_route=\/wp\/v2\/pages\/202\/revisions\/296"}],"wp:attachment":[{"href":"https:\/\/cranio-hagen.at\/index.php?rest_route=%2Fwp%2Fv2%2Fmedia&parent=202"}],"curies":[{"name":"wp","href":"https:\/\/api.w.org\/{rel}","templated":true}]}}