{"id":26,"date":"2021-09-28T19:31:19","date_gmt":"2021-09-28T19:31:19","guid":{"rendered":"https:\/\/cranio-hagen.at\/?page_id=26"},"modified":"2021-11-03T19:50:37","modified_gmt":"2021-11-03T19:50:37","slug":"startseite","status":"publish","type":"page","link":"https:\/\/cranio-hagen.at\/","title":{"rendered":"Craniosacrale Biodynamik"},"content":{"rendered":"<p>Die Craniosacrale Biodynamik liefert einen wundervollen Rahmen, neben der \u00e4rztlichen Abkl\u00e4rung von Symptomen, die Gesundheit, die grunds\u00e4tzlich in unserem K\u00f6rpersystem innewohnt, zu unterst\u00fctzen.<\/p>\n<p style=\"text-align: center;\">Die Seele sagt zum K\u00f6rper: &#8222;Geh\u00b4 Du voran!&#8220; &#8222;Aber mir fehlt doch nichts, du bist in Not&#8220;, antwortet der K\u00f6rper. &#8222;Stimmt&#8220;, antwortet die Seele &#8222;aber auf Dich h\u00f6rt der Mensch zuerst&#8230;&#8220;<br \/>\n<em>Ulrich Schaffer<\/em><\/p>\n","protected":false},"excerpt":{"rendered":"<p>Die Craniosacrale Biodynamik liefert einen wundervollen Rahmen, neben der \u00e4rztlichen Abkl\u00e4rung von Symptomen, die Gesundheit, die grunds\u00e4tzlich in unserem K\u00f6rpersystem innewohnt, zu unterst\u00fctzen. Die Seele sagt zum K\u00f6rper: &#8222;Geh\u00b4 Du voran!&#8220; &#8222;Aber mir fehlt doch nichts, du bist in Not&#8220;, antwortet der K\u00f6rper. &#8222;Stimmt&#8220;, antwortet die Seele &#8222;aber auf Dich h\u00f6rt der Mensch zuerst&#8230;&#8220; Ulrich &hellip; <\/p>\n<p class=\"link-more\"><a href=\"https:\/\/cranio-hagen.at\/\" class=\"more-link\"><span class=\"screen-reader-text\">\u201eCraniosacrale Biodynamik\u201c<\/span> weiterlesen<\/a><\/p>\n","protected":false},"author":1,"featured_media":0,"parent":0,"menu_order":0,"comment_status":"closed","ping_status":"closed","template":"","meta":{"spay_email":""},"_links":{"self":[{"href":"https:\/\/cranio-hagen.at\/index.php?rest_route=\/wp\/v2\/pages\/26"}],"collection":[{"href":"https:\/\/cranio-hagen.at\/index.php?rest_route=\/wp\/v2\/pages"}],"about":[{"href":"https:\/\/cranio-hagen.at\/index.php?rest_route=\/wp\/v2\/types\/page"}],"author":[{"embeddable":true,"href":"https:\/\/cranio-hagen.at\/index.php?rest_route=\/wp\/v2\/users\/1"}],"replies":[{"embeddable":true,"href":"https:\/\/cranio-hagen.at\/index.php?rest_route=%2Fwp%2Fv2%2Fcomments&post=26"}],"version-history":[{"count":37,"href":"https:\/\/cranio-hagen.at\/index.php?rest_route=\/wp\/v2\/pages\/26\/revisions"}],"predecessor-version":[{"id":300,"href":"https:\/\/cranio-hagen.at\/index.php?rest_route=\/wp\/v2\/pages\/26\/revisions\/300"}],"wp:attachment":[{"href":"https:\/\/cranio-hagen.at\/index.php?rest_route=%2Fwp%2Fv2%2Fmedia&parent=26"}],"curies":[{"name":"wp","href":"https:\/\/api.w.org\/{rel}","templated":true}]}}