{"id":361,"date":"2023-04-13T19:08:30","date_gmt":"2023-04-13T19:08:30","guid":{"rendered":"https:\/\/cranio-hagen.at\/?page_id=361"},"modified":"2023-04-13T19:11:06","modified_gmt":"2023-04-13T19:11:06","slug":"preis-fuer-bachbluetenberatung","status":"publish","type":"page","link":"https:\/\/cranio-hagen.at\/?page_id=361","title":{"rendered":"Preis f\u00fcr Bachbl\u00fctenberatung"},"content":{"rendered":"<p>Bei der ersten Bachbl\u00fctenberatung ist die Bestandsaufnahme wesentlich umfangreicher. Gerade bei chronischen Beschwerden die seit Monaten, Jahren oder Jahrzenten bestehen. Daher dauert die <strong>erste Sitzung<\/strong> l\u00e4nger, um alles zu erfassen. Bitte planen Sie hierf\u00fcr <strong>90 \u2013 120 Minuten<\/strong> ein. Der Preis richtet sich daher an die tats\u00e4chliche Inanspruchnahme meiner Dienstleistung. Bei Kindern ist eine Bachbl\u00fcten-Einheit ausreichend.<\/p>\n<p><strong>Eine Bachbl\u00fcten-Einheit dauert ca. 60 Minuten.<\/strong><\/p>\n<p><u>Kinder ab 6 Jahren &amp; Jugendliche<\/u><br \/>\n\u20ac 35,-<br \/>\n(zzgl. Individuelle Bachbl\u00fcten Mischung)<\/p>\n<p><u>Erwachsene ab 18 Jahre<\/u><br \/>\n\u20ac 45,-<br \/>\n(zzgl. Individuelle Bachbl\u00fcten Mischung)<\/p>\n<p>Folgeberatungen finden in einem Abstand von ca. 4 Wochen statt.<\/p>\n<p>&nbsp;<\/p>\n<p><strong>Preis f\u00fcr individuelle Bachbl\u00fctenmischung:<\/strong><br \/>\n(ohne Alkohol, mit Alkohol nur auf Wunsch)<\/p>\n<ul>\n<li style=\"list-style-type: none;\">\n<ul>\n<li style=\"list-style-type: none;\">\n<ul>\n<li>10 ml \/ <strong>\u20ac 12,-<\/strong><\/li>\n<li>30 ml \/ <strong>\u20ac 18,-<\/strong><\/li>\n<li>50 ml \/ <strong>\u20ac 25,-<\/strong><\/li>\n<\/ul>\n<\/li>\n<\/ul>\n<\/li>\n<\/ul>\n<p>Kombination Craniosacral und Bachbl\u00fcten, ist zum Normalpreis der Craniosacralen Sitzung, die individuelle Bachbl\u00fctenmischung zzgl. zu bezahlen.<\/p>\n","protected":false},"excerpt":{"rendered":"<p>Bei der ersten Bachbl\u00fctenberatung ist die Bestandsaufnahme wesentlich umfangreicher. Gerade bei chronischen Beschwerden die seit Monaten, Jahren oder Jahrzenten bestehen. Daher dauert die erste Sitzung l\u00e4nger, um alles zu erfassen. Bitte planen Sie hierf\u00fcr 90 \u2013 120 Minuten ein. Der Preis richtet sich daher an die tats\u00e4chliche Inanspruchnahme meiner Dienstleistung. Bei Kindern ist eine Bachbl\u00fcten-Einheit &hellip; <\/p>\n<p class=\"link-more\"><a href=\"https:\/\/cranio-hagen.at\/?page_id=361\" class=\"more-link\"><span class=\"screen-reader-text\">\u201ePreis f\u00fcr Bachbl\u00fctenberatung\u201c<\/span> weiterlesen<\/a><\/p>\n","protected":false},"author":1,"featured_media":0,"parent":0,"menu_order":0,"comment_status":"closed","ping_status":"closed","template":"","meta":{"spay_email":""},"_links":{"self":[{"href":"https:\/\/cranio-hagen.at\/index.php?rest_route=\/wp\/v2\/pages\/361"}],"collection":[{"href":"https:\/\/cranio-hagen.at\/index.php?rest_route=\/wp\/v2\/pages"}],"about":[{"href":"https:\/\/cranio-hagen.at\/index.php?rest_route=\/wp\/v2\/types\/page"}],"author":[{"embeddable":true,"href":"https:\/\/cranio-hagen.at\/index.php?rest_route=\/wp\/v2\/users\/1"}],"replies":[{"embeddable":true,"href":"https:\/\/cranio-hagen.at\/index.php?rest_route=%2Fwp%2Fv2%2Fcomments&post=361"}],"version-history":[{"count":3,"href":"https:\/\/cranio-hagen.at\/index.php?rest_route=\/wp\/v2\/pages\/361\/revisions"}],"predecessor-version":[{"id":364,"href":"https:\/\/cranio-hagen.at\/index.php?rest_route=\/wp\/v2\/pages\/361\/revisions\/364"}],"wp:attachment":[{"href":"https:\/\/cranio-hagen.at\/index.php?rest_route=%2Fwp%2Fv2%2Fmedia&parent=361"}],"curies":[{"name":"wp","href":"https:\/\/api.w.org\/{rel}","templated":true}]}}